{"id":67,"date":"2019-01-17T07:29:50","date_gmt":"2019-01-17T07:29:50","guid":{"rendered":"http:\/\/romano.dev-sys.ru\/?page_id=67"},"modified":"2019-01-17T08:30:15","modified_gmt":"2019-01-17T08:30:15","slug":"uber-uns","status":"publish","type":"page","link":"https:\/\/autolackiererei-romano.de\/?page_id=67","title":{"rendered":"\u00dcber uns"},"content":{"rendered":"<p><b>Wir Sind Ihre Ansprechpartner und stets f\u00fcr Sie da:<\/b><\/p>\n<p><b>(Bild)<\/b><\/p>\n<p><b>Stefano Romano,\u00a0<\/b>Firmengr\u00fcnder mit fast vierzig j\u00e4hriger Berufserfahrung, davon f\u00fcnfundzwanzig Jahre als Meister, der den Beruf von Grund auf erlernt hat. Beginnend mit der Lehre 1977, \u00fcber verschiedene Stationen der Berufserfahrung so z.B. allein acht Jahre als Meister bei V.A.G Fleichhauer in Bonn bis zur Firmengr\u00fcndung der Autolackiererei Romano 1999.<\/p>\n<p><b>(Bild)<\/b><\/p>\n<p><b>Marcel Romano,<\/b>\u00a0der bereits in jungen Jahren die Begeisterung f\u00fcr seinen Beruf, mit samt seinen Herausforderungen, entdeckte und die Entscheidung traf das Handwerk seines Vaters ebenso von Grund auf zu erlernen. Seine fast zehn J\u00e4hrige Erfahrung best\u00e4tigt er mit dem Erhalt des Meisterbriefes im M\u00e4rz 2014.<\/p>\n<p><b>Mit unserer Qualit\u00e4t, unserem Service und unserer Kompetenz sorgen wir daf\u00fcr, dass Sie ein sehr gutes Ergebnis erhalten.<\/b><\/p>\n<p><b>Nehmen Sie\u00a0<a title=\"Kontakt\" href=\"http:\/\/autolackiererei-romano.de\/?page_id=774\" target=\"_blank\">Kontakt<\/a>\u00a0mit uns auf! Wir w\u00fcrden uns freuen, wenn wir Sie in unserer Lackiererei in Hennef begr\u00fc\u00dfen und pers\u00f6nlich beraten d\u00fcrfen.<\/b><\/p>\n","protected":false},"excerpt":{"rendered":"<p>Wir Sind Ihre Ansprechpartner und stets f\u00fcr Sie da: (Bild) Stefano Romano,\u00a0Firmengr\u00fcnder mit fast vierzig j\u00e4hriger Berufserfahrung, davon f\u00fcnfundzwanzig Jahre als Meister, der den Beruf von Grund auf erlernt hat. Beginnend mit der Lehre 1977, \u00fcber verschiedene Stationen der Berufserfahrung so z.B. allein acht Jahre als Meister bei V.A.G Fleichhauer in Bonn bis zur Firmengr\u00fcndung [&hellip;]<\/p>\n","protected":false},"author":1,"featured_media":0,"parent":0,"menu_order":0,"comment_status":"open","ping_status":"open","template":"page-full.php","meta":{"footnotes":""},"class_list":["post-67","page","type-page","status-publish","hentry"],"_links":{"self":[{"href":"https:\/\/autolackiererei-romano.de\/index.php?rest_route=\/wp\/v2\/pages\/67"}],"collection":[{"href":"https:\/\/autolackiererei-romano.de\/index.php?rest_route=\/wp\/v2\/pages"}],"about":[{"href":"https:\/\/autolackiererei-romano.de\/index.php?rest_route=\/wp\/v2\/types\/page"}],"author":[{"embeddable":true,"href":"https:\/\/autolackiererei-romano.de\/index.php?rest_route=\/wp\/v2\/users\/1"}],"replies":[{"embeddable":true,"href":"https:\/\/autolackiererei-romano.de\/index.php?rest_route=%2Fwp%2Fv2%2Fcomments&post=67"}],"version-history":[{"count":2,"href":"https:\/\/autolackiererei-romano.de\/index.php?rest_route=\/wp\/v2\/pages\/67\/revisions"}],"predecessor-version":[{"id":109,"href":"https:\/\/autolackiererei-romano.de\/index.php?rest_route=\/wp\/v2\/pages\/67\/revisions\/109"}],"wp:attachment":[{"href":"https:\/\/autolackiererei-romano.de\/index.php?rest_route=%2Fwp%2Fv2%2Fmedia&parent=67"}],"curies":[{"name":"wp","href":"https:\/\/api.w.org\/{rel}","templated":true}]}}